{"id":19,"date":"2021-07-23T10:11:14","date_gmt":"2021-07-23T13:11:14","guid":{"rendered":"https:\/\/fawcon.com.br\/?page_id=19"},"modified":"2021-07-23T16:28:29","modified_gmt":"2021-07-23T19:28:29","slug":"clientes","status":"publish","type":"page","link":"https:\/\/fawcon.com.br\/index.php\/clientes\/","title":{"rendered":"Clientes"},"content":{"rendered":"\t\t<div data-elementor-type=\"wp-page\" data-elementor-id=\"19\" class=\"elementor elementor-19\">\n\t\t\t\t\t\t\t\t\t<section class=\"elementor-section elementor-top-section elementor-element elementor-element-3cae298 elementor-section-boxed elementor-section-height-default elementor-section-height-default\" data-id=\"3cae298\" data-element_type=\"section\">\n\t\t\t\t\t\t<div class=\"elementor-container elementor-column-gap-default\">\n\t\t\t\t\t<div class=\"elementor-column elementor-col-100 elementor-top-column elementor-element elementor-element-fc055ba\" data-id=\"fc055ba\" data-element_type=\"column\">\n\t\t\t<div class=\"elementor-widget-wrap elementor-element-populated\">\n\t\t\t\t\t\t\t\t<div class=\"elementor-element elementor-element-f02863e elementor-widget-divider--view-line elementor-invisible elementor-widget elementor-widget-divider\" data-id=\"f02863e\" data-element_type=\"widget\" data-settings=\"{&quot;_animation&quot;:&quot;fadeInLeft&quot;}\" data-widget_type=\"divider.default\">\n\t\t\t\t<div class=\"elementor-widget-container\">\n\t\t\t\t\t<div class=\"elementor-divider\">\n\t\t\t<span class=\"elementor-divider-separator\">\n\t\t\t\t\t\t<\/span>\n\t\t<\/div>\n\t\t\t\t<\/div>\n\t\t\t\t<\/div>\n\t\t\t\t<div class=\"elementor-element elementor-element-12bdf43 elementor-widget elementor-widget-heading\" data-id=\"12bdf43\" data-element_type=\"widget\" data-widget_type=\"heading.default\">\n\t\t\t\t<div class=\"elementor-widget-container\">\n\t\t\t<h2 class=\"elementor-heading-title elementor-size-default\">MAIS SEGURAN\u00c7A E CONFIABILIDADE<br> COM REDU\u00c7\u00c3O REAL DO SEU CUSTO OPERACIONAL<br> EM AT\u00c9 50%<\/h2>\t\t<\/div>\n\t\t\t\t<\/div>\n\t\t\t\t<div class=\"elementor-element elementor-element-e9ac6c1 elementor-widget elementor-widget-text-editor\" data-id=\"e9ac6c1\" data-element_type=\"widget\" data-widget_type=\"text-editor.default\">\n\t\t\t\t<div class=\"elementor-widget-container\">\n\t\t\t\t\t\t\t<p>Portaria Monitorada Remota, Monitoramento e Portaria H\u00edbrida. A Fawcon Seguran\u00e7a Patrimonial oferece o servi\u00e7o que voc\u00ea precisa, do jeito que voc\u00ea necessita.<\/p><p>Conhe\u00e7a alguns de nossos clientes.<\/p>\t\t\t\t\t\t<\/div>\n\t\t\t\t<\/div>\n\t\t\t\t<section class=\"elementor-section elementor-inner-section elementor-element elementor-element-a0dfceb elementor-section-boxed elementor-section-height-default elementor-section-height-default\" data-id=\"a0dfceb\" data-element_type=\"section\">\n\t\t\t\t\t\t<div class=\"elementor-container elementor-column-gap-default\">\n\t\t\t\t\t<div class=\"elementor-column elementor-col-20 elementor-inner-column elementor-element elementor-element-6b4f524\" data-id=\"6b4f524\" data-element_type=\"column\">\n\t\t\t<div class=\"elementor-widget-wrap elementor-element-populated\">\n\t\t\t\t\t\t\t\t<div class=\"elementor-element elementor-element-807c56e elementor-widget elementor-widget-image\" data-id=\"807c56e\" data-element_type=\"widget\" data-widget_type=\"image.default\">\n\t\t\t\t<div class=\"elementor-widget-container\">\n\t\t\t\t\t\t\t\t\t\t\t\t\t\t\t<img decoding=\"async\" width=\"300\" height=\"179\" src=\"https:\/\/fawcon.com.br\/wp-content\/uploads\/2021\/07\/monterrey-residencial-300x179.png\" class=\"elementor-animation-grow attachment-medium size-medium wp-image-228\" alt=\"Logo Monterrey Residencial\" loading=\"lazy\" srcset=\"https:\/\/fawcon.com.br\/wp-content\/uploads\/2021\/07\/monterrey-residencial-300x179.png 300w, https:\/\/fawcon.com.br\/wp-content\/uploads\/2021\/07\/monterrey-residencial.png 438w\" sizes=\"(max-width: 300px) 100vw, 300px\" \/>\t\t\t\t\t\t\t\t\t\t\t\t\t\t\t<\/div>\n\t\t\t\t<\/div>\n\t\t\t\t\t<\/div>\n\t\t<\/div>\n\t\t\t\t<div class=\"elementor-column elementor-col-20 elementor-inner-column elementor-element elementor-element-b2f8ebb\" data-id=\"b2f8ebb\" data-element_type=\"column\">\n\t\t\t<div class=\"elementor-widget-wrap elementor-element-populated\">\n\t\t\t\t\t\t\t\t<div class=\"elementor-element elementor-element-42a7376 elementor-widget elementor-widget-image\" data-id=\"42a7376\" data-element_type=\"widget\" data-widget_type=\"image.default\">\n\t\t\t\t<div class=\"elementor-widget-container\">\n\t\t\t\t\t\t\t\t\t\t\t\t\t\t\t<img decoding=\"async\" width=\"300\" height=\"203\" src=\"https:\/\/fawcon.com.br\/wp-content\/uploads\/2021\/07\/themis-300x203.png\" class=\"elementor-animation-grow attachment-medium size-medium wp-image-231\" alt=\"Logo Condom\u00ednio Th\u00eamis\" loading=\"lazy\" srcset=\"https:\/\/fawcon.com.br\/wp-content\/uploads\/2021\/07\/themis-300x203.png 300w, https:\/\/fawcon.com.br\/wp-content\/uploads\/2021\/07\/themis.png 356w\" sizes=\"(max-width: 300px) 100vw, 300px\" \/>\t\t\t\t\t\t\t\t\t\t\t\t\t\t\t<\/div>\n\t\t\t\t<\/div>\n\t\t\t\t\t<\/div>\n\t\t<\/div>\n\t\t\t\t<div class=\"elementor-column elementor-col-20 elementor-inner-column elementor-element elementor-element-3d97d65\" data-id=\"3d97d65\" data-element_type=\"column\">\n\t\t\t<div class=\"elementor-widget-wrap elementor-element-populated\">\n\t\t\t\t\t\t\t\t<div class=\"elementor-element elementor-element-28c7f7f elementor-widget elementor-widget-image\" data-id=\"28c7f7f\" data-element_type=\"widget\" data-widget_type=\"image.default\">\n\t\t\t\t<div class=\"elementor-widget-container\">\n\t\t\t\t\t\t\t\t\t\t\t\t\t\t\t<img decoding=\"async\" width=\"300\" height=\"163\" src=\"https:\/\/fawcon.com.br\/wp-content\/uploads\/2021\/07\/santa-tereza-300x163.png\" class=\"elementor-animation-grow attachment-medium size-medium wp-image-230\" alt=\"Logo Conv\u00edvio Santa Tereza D\u00c1vila\" loading=\"lazy\" srcset=\"https:\/\/fawcon.com.br\/wp-content\/uploads\/2021\/07\/santa-tereza-300x163.png 300w, https:\/\/fawcon.com.br\/wp-content\/uploads\/2021\/07\/santa-tereza.png 499w\" sizes=\"(max-width: 300px) 100vw, 300px\" \/>\t\t\t\t\t\t\t\t\t\t\t\t\t\t\t<\/div>\n\t\t\t\t<\/div>\n\t\t\t\t\t<\/div>\n\t\t<\/div>\n\t\t\t\t<div class=\"elementor-column elementor-col-20 elementor-inner-column elementor-element elementor-element-dd97998\" data-id=\"dd97998\" data-element_type=\"column\">\n\t\t\t<div class=\"elementor-widget-wrap elementor-element-populated\">\n\t\t\t\t\t\t\t\t<div class=\"elementor-element elementor-element-038a830 elementor-widget elementor-widget-image\" data-id=\"038a830\" data-element_type=\"widget\" data-widget_type=\"image.default\">\n\t\t\t\t<div class=\"elementor-widget-container\">\n\t\t\t\t\t\t\t\t\t\t\t\t\t\t\t<img decoding=\"async\" width=\"300\" height=\"300\" src=\"https:\/\/fawcon.com.br\/wp-content\/uploads\/2021\/07\/villagio-unique-300x300.png\" class=\"elementor-animation-grow attachment-medium size-medium wp-image-232\" alt=\"Logo Condom\u00ednio Villagio Unique\" loading=\"lazy\" srcset=\"https:\/\/fawcon.com.br\/wp-content\/uploads\/2021\/07\/villagio-unique-300x300.png 300w, https:\/\/fawcon.com.br\/wp-content\/uploads\/2021\/07\/villagio-unique-150x150.png 150w, https:\/\/fawcon.com.br\/wp-content\/uploads\/2021\/07\/villagio-unique.png 511w\" sizes=\"(max-width: 300px) 100vw, 300px\" \/>\t\t\t\t\t\t\t\t\t\t\t\t\t\t\t<\/div>\n\t\t\t\t<\/div>\n\t\t\t\t\t<\/div>\n\t\t<\/div>\n\t\t\t\t<div class=\"elementor-column elementor-col-20 elementor-inner-column elementor-element elementor-element-d5a6512\" data-id=\"d5a6512\" data-element_type=\"column\">\n\t\t\t<div class=\"elementor-widget-wrap elementor-element-populated\">\n\t\t\t\t\t\t\t\t<div class=\"elementor-element elementor-element-c15d8aa elementor-widget elementor-widget-image\" data-id=\"c15d8aa\" data-element_type=\"widget\" data-widget_type=\"image.default\">\n\t\t\t\t<div class=\"elementor-widget-container\">\n\t\t\t\t\t\t\t\t\t\t\t\t\t\t\t<img decoding=\"async\" width=\"300\" height=\"224\" src=\"https:\/\/fawcon.com.br\/wp-content\/uploads\/2021\/07\/jardim-monte-verde-300x224.png\" class=\"elementor-animation-grow attachment-medium size-medium wp-image-227\" alt=\"Logo Jardim MOnte Verde\" loading=\"lazy\" srcset=\"https:\/\/fawcon.com.br\/wp-content\/uploads\/2021\/07\/jardim-monte-verde-300x224.png 300w, https:\/\/fawcon.com.br\/wp-content\/uploads\/2021\/07\/jardim-monte-verde.png 487w\" sizes=\"(max-width: 300px) 100vw, 300px\" \/>\t\t\t\t\t\t\t\t\t\t\t\t\t\t\t<\/div>\n\t\t\t\t<\/div>\n\t\t\t\t\t<\/div>\n\t\t<\/div>\n\t\t\t\t\t\t\t<\/div>\n\t\t<\/section>\n\t\t\t\t<section class=\"elementor-section elementor-inner-section elementor-element elementor-element-a792193 elementor-section-boxed elementor-section-height-default elementor-section-height-default\" data-id=\"a792193\" data-element_type=\"section\">\n\t\t\t\t\t\t<div class=\"elementor-container elementor-column-gap-default\">\n\t\t\t\t\t<div class=\"elementor-column elementor-col-20 elementor-inner-column elementor-element elementor-element-09f817b\" data-id=\"09f817b\" data-element_type=\"column\">\n\t\t\t<div class=\"elementor-widget-wrap elementor-element-populated\">\n\t\t\t\t\t\t\t\t<div class=\"elementor-element elementor-element-76224db elementor-widget elementor-widget-image\" data-id=\"76224db\" data-element_type=\"widget\" data-widget_type=\"image.default\">\n\t\t\t\t<div class=\"elementor-widget-container\">\n\t\t\t\t\t\t\t\t\t\t\t\t\t\t\t<img decoding=\"async\" width=\"300\" height=\"190\" src=\"https:\/\/fawcon.com.br\/wp-content\/uploads\/2021\/07\/vitoria-gardens-300x190.png\" class=\"elementor-animation-grow attachment-medium size-medium wp-image-233\" alt=\"Logo Vit\u00f3ria Garde Residencial\" loading=\"lazy\" srcset=\"https:\/\/fawcon.com.br\/wp-content\/uploads\/2021\/07\/vitoria-gardens-300x190.png 300w, https:\/\/fawcon.com.br\/wp-content\/uploads\/2021\/07\/vitoria-gardens.png 512w\" sizes=\"(max-width: 300px) 100vw, 300px\" \/>\t\t\t\t\t\t\t\t\t\t\t\t\t\t\t<\/div>\n\t\t\t\t<\/div>\n\t\t\t\t\t<\/div>\n\t\t<\/div>\n\t\t\t\t<div class=\"elementor-column elementor-col-20 elementor-inner-column elementor-element elementor-element-112a20d\" data-id=\"112a20d\" data-element_type=\"column\">\n\t\t\t<div class=\"elementor-widget-wrap elementor-element-populated\">\n\t\t\t\t\t\t\t\t<div class=\"elementor-element elementor-element-2beff09 elementor-widget elementor-widget-image\" data-id=\"2beff09\" data-element_type=\"widget\" data-widget_type=\"image.default\">\n\t\t\t\t<div class=\"elementor-widget-container\">\n\t\t\t\t\t\t\t\t\t\t\t\t\t\t\t<img decoding=\"async\" width=\"300\" height=\"88\" src=\"https:\/\/fawcon.com.br\/wp-content\/uploads\/2021\/07\/bertolin-2-300x88.png\" class=\"elementor-animation-grow attachment-medium size-medium wp-image-225\" alt=\"Logo Condom\u00ednio Bertolin 2\" loading=\"lazy\" srcset=\"https:\/\/fawcon.com.br\/wp-content\/uploads\/2021\/07\/bertolin-2-300x88.png 300w, https:\/\/fawcon.com.br\/wp-content\/uploads\/2021\/07\/bertolin-2.png 465w\" sizes=\"(max-width: 300px) 100vw, 300px\" \/>\t\t\t\t\t\t\t\t\t\t\t\t\t\t\t<\/div>\n\t\t\t\t<\/div>\n\t\t\t\t\t<\/div>\n\t\t<\/div>\n\t\t\t\t<div class=\"elementor-column elementor-col-20 elementor-inner-column elementor-element elementor-element-8d4d136\" data-id=\"8d4d136\" data-element_type=\"column\">\n\t\t\t<div class=\"elementor-widget-wrap elementor-element-populated\">\n\t\t\t\t\t\t\t\t<div class=\"elementor-element elementor-element-537903e elementor-widget elementor-widget-image\" data-id=\"537903e\" data-element_type=\"widget\" data-widget_type=\"image.default\">\n\t\t\t\t<div class=\"elementor-widget-container\">\n\t\t\t\t\t\t\t\t\t\t\t\t\t\t\t<img decoding=\"async\" width=\"298\" height=\"300\" src=\"https:\/\/fawcon.com.br\/wp-content\/uploads\/2021\/07\/front-lake-298x300.png\" class=\"elementor-animation-grow attachment-medium size-medium wp-image-226\" alt=\"Logo Front Lake Residencial\" loading=\"lazy\" srcset=\"https:\/\/fawcon.com.br\/wp-content\/uploads\/2021\/07\/front-lake-298x300.png 298w, https:\/\/fawcon.com.br\/wp-content\/uploads\/2021\/07\/front-lake-150x150.png 150w, https:\/\/fawcon.com.br\/wp-content\/uploads\/2021\/07\/front-lake.png 509w\" sizes=\"(max-width: 298px) 100vw, 298px\" \/>\t\t\t\t\t\t\t\t\t\t\t\t\t\t\t<\/div>\n\t\t\t\t<\/div>\n\t\t\t\t\t<\/div>\n\t\t<\/div>\n\t\t\t\t<div class=\"elementor-column elementor-col-20 elementor-inner-column elementor-element elementor-element-fb67904\" data-id=\"fb67904\" data-element_type=\"column\">\n\t\t\t<div class=\"elementor-widget-wrap elementor-element-populated\">\n\t\t\t\t\t\t\t\t<div class=\"elementor-element elementor-element-26724d1 elementor-widget elementor-widget-image\" data-id=\"26724d1\" data-element_type=\"widget\" data-widget_type=\"image.default\">\n\t\t\t\t<div class=\"elementor-widget-container\">\n\t\t\t\t\t\t\t\t\t\t\t\t\t\t\t<img decoding=\"async\" width=\"300\" height=\"143\" src=\"https:\/\/fawcon.com.br\/wp-content\/uploads\/2021\/07\/wch-300x143.png\" class=\"elementor-animation-grow attachment-medium size-medium wp-image-234\" alt=\"Logo WHC Equipamentos\" loading=\"lazy\" srcset=\"https:\/\/fawcon.com.br\/wp-content\/uploads\/2021\/07\/wch-300x143.png 300w, https:\/\/fawcon.com.br\/wp-content\/uploads\/2021\/07\/wch.png 512w\" sizes=\"(max-width: 300px) 100vw, 300px\" \/>\t\t\t\t\t\t\t\t\t\t\t\t\t\t\t<\/div>\n\t\t\t\t<\/div>\n\t\t\t\t\t<\/div>\n\t\t<\/div>\n\t\t\t\t<div class=\"elementor-column elementor-col-20 elementor-inner-column elementor-element elementor-element-e77a2a7\" data-id=\"e77a2a7\" data-element_type=\"column\">\n\t\t\t<div class=\"elementor-widget-wrap elementor-element-populated\">\n\t\t\t\t\t\t\t\t<div class=\"elementor-element elementor-element-a10b24c elementor-widget elementor-widget-image\" data-id=\"a10b24c\" data-element_type=\"widget\" data-widget_type=\"image.default\">\n\t\t\t\t<div class=\"elementor-widget-container\">\n\t\t\t\t\t\t\t\t\t\t\t\t\t\t\t<img decoding=\"async\" width=\"300\" height=\"147\" src=\"https:\/\/fawcon.com.br\/wp-content\/uploads\/2021\/07\/parque-taquaral-300x147.png\" class=\"elementor-animation-grow attachment-medium size-medium wp-image-229\" alt=\"Logo Residencial Parque Taquaral\" loading=\"lazy\" srcset=\"https:\/\/fawcon.com.br\/wp-content\/uploads\/2021\/07\/parque-taquaral-300x147.png 300w, https:\/\/fawcon.com.br\/wp-content\/uploads\/2021\/07\/parque-taquaral.png 470w\" sizes=\"(max-width: 300px) 100vw, 300px\" \/>\t\t\t\t\t\t\t\t\t\t\t\t\t\t\t<\/div>\n\t\t\t\t<\/div>\n\t\t\t\t\t<\/div>\n\t\t<\/div>\n\t\t\t\t\t\t\t<\/div>\n\t\t<\/section>\n\t\t\t\t\t<\/div>\n\t\t<\/div>\n\t\t\t\t\t\t\t<\/div>\n\t\t<\/section>\n\t\t\t\t<section class=\"elementor-section elementor-top-section elementor-element elementor-element-4f245ac elementor-section-boxed elementor-section-height-default elementor-section-height-default\" data-id=\"4f245ac\" data-element_type=\"section\" data-settings=\"{&quot;background_background&quot;:&quot;classic&quot;}\">\n\t\t\t\t\t\t<div class=\"elementor-container elementor-column-gap-default\">\n\t\t\t\t\t<div class=\"elementor-column elementor-col-100 elementor-top-column elementor-element elementor-element-f9d2ea6\" data-id=\"f9d2ea6\" data-element_type=\"column\">\n\t\t\t<div class=\"elementor-widget-wrap elementor-element-populated\">\n\t\t\t\t\t\t\t\t<div class=\"elementor-element elementor-element-aa539f8 elementor-widget-divider--view-line elementor-invisible elementor-widget elementor-widget-divider\" data-id=\"aa539f8\" data-element_type=\"widget\" data-settings=\"{&quot;_animation&quot;:&quot;fadeInLeft&quot;}\" data-widget_type=\"divider.default\">\n\t\t\t\t<div class=\"elementor-widget-container\">\n\t\t\t\t\t<div class=\"elementor-divider\">\n\t\t\t<span class=\"elementor-divider-separator\">\n\t\t\t\t\t\t<\/span>\n\t\t<\/div>\n\t\t\t\t<\/div>\n\t\t\t\t<\/div>\n\t\t\t\t<div class=\"elementor-element elementor-element-4dd0617 elementor-widget elementor-widget-heading\" data-id=\"4dd0617\" data-element_type=\"widget\" data-widget_type=\"heading.default\">\n\t\t\t\t<div class=\"elementor-widget-container\">\n\t\t\t<h2 class=\"elementor-heading-title elementor-size-default\">DEPOIMENTOS<\/h2>\t\t<\/div>\n\t\t\t\t<\/div>\n\t\t\t\t<section class=\"elementor-section elementor-inner-section elementor-element elementor-element-5b7fc9f elementor-section-boxed elementor-section-height-default elementor-section-height-default\" data-id=\"5b7fc9f\" data-element_type=\"section\">\n\t\t\t\t\t\t<div class=\"elementor-container elementor-column-gap-default\">\n\t\t\t\t\t<div class=\"elementor-column elementor-col-50 elementor-inner-column elementor-element elementor-element-1a58ab3\" data-id=\"1a58ab3\" data-element_type=\"column\" data-settings=\"{&quot;background_background&quot;:&quot;classic&quot;}\">\n\t\t\t<div class=\"elementor-widget-wrap elementor-element-populated\">\n\t\t\t\t\t\t\t\t<div class=\"elementor-element elementor-element-53efa35 elementor-blockquote--skin-quotation elementor-blockquote--button-color-official elementor-widget elementor-widget-blockquote\" data-id=\"53efa35\" data-element_type=\"widget\" data-widget_type=\"blockquote.default\">\n\t\t\t\t<div class=\"elementor-widget-container\">\n\t\t\t\t\t<blockquote class=\"elementor-blockquote\">\n\t\t\t<p class=\"elementor-blockquote__content\">\n\t\t\t\tA seguran\u00e7a com a Fawcon no condom\u00ednio melhorou muito. E a qualidade do servi\u00e7o prestado \u00e9 de primeira ordem. A comunica\u00e7\u00e3o \u00e9 r\u00e1pida e tem sempre um t\u00e9cnico \u00e0 disposi\u00e7\u00e3o. O custo reduziu muito e o atendimento \u00e9 24 horas.\t\t\t<\/p>\n\t\t\t\t\t\t\t<div class=\"e-q-footer\">\n\t\t\t\t\t\t\t\t\t\t\t<cite class=\"elementor-blockquote__author\">Geraldo Pimentel<br><span style=\"color: #AEAEAE;\">S\u00edndico do Residencial Bertolini 1, em Piraciacaba-SP<\/span><\/cite>\n\t\t\t\t\t\t\t\t\t\t\t\t\t\t<\/div>\n\t\t\t\t\t<\/blockquote>\n\t\t\t\t<\/div>\n\t\t\t\t<\/div>\n\t\t\t\t\t<\/div>\n\t\t<\/div>\n\t\t\t\t<div class=\"elementor-column elementor-col-50 elementor-inner-column elementor-element elementor-element-0ce08d0\" data-id=\"0ce08d0\" data-element_type=\"column\" data-settings=\"{&quot;background_background&quot;:&quot;classic&quot;}\">\n\t\t\t<div class=\"elementor-widget-wrap elementor-element-populated\">\n\t\t\t\t\t\t\t\t<div class=\"elementor-element elementor-element-32f7d34 elementor-blockquote--skin-quotation elementor-blockquote--button-color-official elementor-widget elementor-widget-blockquote\" data-id=\"32f7d34\" data-element_type=\"widget\" data-widget_type=\"blockquote.default\">\n\t\t\t\t<div class=\"elementor-widget-container\">\n\t\t\t\t\t<blockquote class=\"elementor-blockquote\">\n\t\t\t<p class=\"elementor-blockquote__content\">\n\t\t\t\tContratamos a Fawcon Portaria Remota para fazer o controle de acesso da empresa e monitoramento e depois de um ano de servi\u00e7o, estamos muito satisfeitos com os resultados, sobretudo com rela\u00e7\u00e3o \u00e0 redu\u00e7\u00e3o do custo de aproximadamente 70%. \t\t\t<\/p>\n\t\t\t\t\t\t\t<div class=\"e-q-footer\">\n\t\t\t\t\t\t\t\t\t\t\t<cite class=\"elementor-blockquote__author\">Kleber Voigt <br><span style=\"color: #AEAEAE;\">Gestor de TI da empresa Weiler C. Holzberger, de Rio Claro-SP <\/span><\/cite>\n\t\t\t\t\t\t\t\t\t\t\t\t\t\t<\/div>\n\t\t\t\t\t<\/blockquote>\n\t\t\t\t<\/div>\n\t\t\t\t<\/div>\n\t\t\t\t\t<\/div>\n\t\t<\/div>\n\t\t\t\t\t\t\t<\/div>\n\t\t<\/section>\n\t\t\t\t\t<\/div>\n\t\t<\/div>\n\t\t\t\t\t\t\t<\/div>\n\t\t<\/section>\n\t\t\t\t\t\t\t<\/div>\n\t\t","protected":false},"excerpt":{"rendered":"<p>MAIS SEGURAN\u00c7A E CONFIABILIDADE COM REDU\u00c7\u00c3O REAL DO SEU CUSTO OPERACIONAL EM AT\u00c9 50% Portaria Monitorada Remota, Monitoramento e Portaria H\u00edbrida. A Fawcon Seguran\u00e7a Patrimonial oferece o servi\u00e7o que voc\u00ea precisa, do jeito que voc\u00ea necessita. Conhe\u00e7a alguns de nossos clientes. DEPOIMENTOS A seguran\u00e7a com a Fawcon no condom\u00ednio melhorou muito. E a qualidade do [&hellip;]<\/p>\n","protected":false},"author":1,"featured_media":0,"parent":0,"menu_order":0,"comment_status":"closed","ping_status":"closed","template":"elementor_header_footer","meta":[],"_links":{"self":[{"href":"https:\/\/fawcon.com.br\/index.php\/wp-json\/wp\/v2\/pages\/19"}],"collection":[{"href":"https:\/\/fawcon.com.br\/index.php\/wp-json\/wp\/v2\/pages"}],"about":[{"href":"https:\/\/fawcon.com.br\/index.php\/wp-json\/wp\/v2\/types\/page"}],"author":[{"embeddable":true,"href":"https:\/\/fawcon.com.br\/index.php\/wp-json\/wp\/v2\/users\/1"}],"replies":[{"embeddable":true,"href":"https:\/\/fawcon.com.br\/index.php\/wp-json\/wp\/v2\/comments?post=19"}],"version-history":[{"count":25,"href":"https:\/\/fawcon.com.br\/index.php\/wp-json\/wp\/v2\/pages\/19\/revisions"}],"predecessor-version":[{"id":364,"href":"https:\/\/fawcon.com.br\/index.php\/wp-json\/wp\/v2\/pages\/19\/revisions\/364"}],"wp:attachment":[{"href":"https:\/\/fawcon.com.br\/index.php\/wp-json\/wp\/v2\/media?parent=19"}],"curies":[{"name":"wp","href":"https:\/\/api.w.org\/{rel}","templated":true}]}}